{"id":113,"date":"2020-04-20T16:00:37","date_gmt":"2020-04-20T13:00:37","guid":{"rendered":"http:\/\/trolleybus.creativemd.beget.tech\/?page_id=113"},"modified":"2020-06-29T13:02:18","modified_gmt":"2020-06-29T10:02:18","slug":"about","status":"publish","type":"page","link":"https:\/\/troleibus.md\/ro\/about\/","title":{"rendered":"Despre noi"},"content":{"rendered":"<p><\/p>\n<div class=\"about-history-txt\">\n<div class=\"about\">\n<h3 class=\"blue\">COMPANIA TMG<\/h3>\n<h3 class=\"blue\">CINE ESTE COMPANIA TMG?<\/h3>\n<p>Transport Municipal Group (TMG) \u2014 operator de publicitate mobil\u0103 \u00een Moldova care plaseaz\u0103 publicitate pe mijloacele de transport, precum \u0219i spoturi video \u00een transportul \u00een comun din \u021bar\u0103 \u00een 5 mari ora\u0219e din Moldova (Chi\u0219in\u0103u,B\u0103l\u021bi,Tiraspol, Comrat,Orhei).<\/p>\n<p><b>\u00cen anul 2015 a avut loc lansarea structurii media Transport Municipal Group (TMG- Moldova), instituit\u0103 de doi operatori de pe pia\u021ba de publicitate mobil\u0103: compania www.troleibuz.md (inst. \u00een 2006) \u0219i compania www.autobuz.md (inst. \u00cen 2011).<\/b><br \/>\n<b>Asocierea celor doi operatori presupune crearea pentru consumatorul de publicitate, interesat de serviciile noastre, o ofert\u0103 unic\u0103 \u0219i mai comod\u0103 \u00een domeniul publicit\u0103\u021bii pe mijloacele de transport \u00een Moldova \u0219i va urca sectorul publicit\u0103\u021bii mobile la un nou nivel.<\/b><\/p>\n<p>Pe durata a 11 ani de activitate ambele companii au dezvoltat afacerea publicit\u0103\u021bii mobile, reprezent\u00eend structuri de publicitate cu baze de produc\u021bie \u0219i clien\u021bi proprii, cu contracte pe termen lung de plasare a publicit\u0103\u021bii, \u00eencheiate cu serviciile municipale din Chi\u0219in\u0103u (2005),B\u0103l\u021bi(2008), Tiraspol(2013) \u0219i Comrat (2015).<\/p>\n<\/div>\n<\/div>\n<div class=\"about\">\n<div class=\"about-history-txt\">\n<h3 class=\"blue-after\">PUBLICITATEA PE MIGLOACELE DE TRANSPORT CU TMG<\/h3>\n<div class=\"about-history-txt\">\n<p>Publicitatea pe mijloacele de transport cu TMG presupune garantarea unei calit\u0103\u021bi unice, a termenilor \u0219i tehnoogiilor propuse de companiile de publicitate pe mijloacele de transport \u00een comun \u00een orice ora\u0219 selectat de Dvs. \u00een Moldova.<\/p>\n<\/div>\n<\/div>\n<div class=\"about-history\">\n<h3 class=\"blue-after\">STANDARDUL TMG<\/h3>\n<div class=\"about-history-txt\">\n<p>Standardul TMG reprezint\u0103 un sistem unic de publicitate pe \u0219i \u00een interiorul mijloacelor de transport de la decorare integral\u0103 cu un singur brand p\u00eena la formate mai economicoase.<\/p>\n<\/div>\n<\/div>\n<div class=\"about-history-txt\">\n<h3 class=\"blue-after\">OBIECTIVUL TMG<\/h3>\n<div class=\"about-history-txt\">\n<p>TMG \u00ee\u0219i propune crearea unei publicit\u0103\u021bi de calitate pe mijloacele de transport, asigur\u00eend clien\u021bilor un salt efectiv \u00een dezvoltare \u0219i un indice \u00eenalt de profitabilitate a investi\u021biilor (ROI)<\/p>\n<\/div>\n<\/div>\n<div class=\"about-history\">\n<h3 class=\"blue-after\">PUBLICITATEA PE MIJLOACELE DE TRANSPORT CU NOI PRESUPUNE:<\/h3>\n<div class=\"about-history-txt\">\n<ul>\n<li>Experien\u021b\u0103 notorie \u00een domeniu,peste 250 de proiecte<\/li>\n<li>Contracte cu cei mai mari transportatori de c\u0103l\u0103tori<\/li>\n<li>Baz\u0103 de produc\u021bie proprie , calitate \u00eenalt\u0103 de imprimare \u0219i montare a mateialelor publicitare<\/li>\n<li>Toate formatele de publicitate pe mijloacele de transport terestre ( de la 0,2 m\u00b2 p\u00een\u0103 la 50 m\u00b2)<\/li>\n<li>Orice tip de program de rut\u0103 (cu grad \u00eenalt de acoperire sau cu arondare la punctele de v\u00eenz\u0103ri)<\/li>\n<li>Proiecte neconven\u021bionale (extendere iluminate,decor\u0103ri integrale cu un unsingur brand, BTL \u0219i altele)<\/li>\n<\/ul>\n<\/div>\n<\/div>\n<\/div>\n<p><\/p>","protected":false},"excerpt":{"rendered":"<p>COMPANIA TMG CINE ESTE COMPANIA TMG? Transport Municipal Group (TMG) \u2014 operator de publicitate mobil\u0103 \u00een Moldova care plaseaz\u0103 publicitate pe mijloacele de transport, precum \u0219i spoturi video \u00een transportul \u00een comun din \u021bar\u0103 \u00een 5 mari ora\u0219e din Moldova (Chi\u0219in\u0103u,B\u0103l\u021bi,Tiraspol, Comrat,Orhei). \u00cen anul 2015 a avut loc lansarea structurii media Transport Municipal Group (TMG- [&hellip;]<\/p>\n","protected":false},"author":2,"featured_media":110,"parent":0,"menu_order":6,"comment_status":"closed","ping_status":"closed","template":"templates\/template-about.php","meta":{"inline_featured_image":false,"footnotes":""},"class_list":["post-113","page","type-page","status-publish","has-post-thumbnail","hentry"],"_links":{"self":[{"href":"https:\/\/troleibus.md\/ro\/wp-json\/wp\/v2\/pages\/113","targetHints":{"allow":["GET"]}}],"collection":[{"href":"https:\/\/troleibus.md\/ro\/wp-json\/wp\/v2\/pages"}],"about":[{"href":"https:\/\/troleibus.md\/ro\/wp-json\/wp\/v2\/types\/page"}],"author":[{"embeddable":true,"href":"https:\/\/troleibus.md\/ro\/wp-json\/wp\/v2\/users\/2"}],"replies":[{"embeddable":true,"href":"https:\/\/troleibus.md\/ro\/wp-json\/wp\/v2\/comments?post=113"}],"version-history":[{"count":8,"href":"https:\/\/troleibus.md\/ro\/wp-json\/wp\/v2\/pages\/113\/revisions"}],"predecessor-version":[{"id":625,"href":"https:\/\/troleibus.md\/ro\/wp-json\/wp\/v2\/pages\/113\/revisions\/625"}],"wp:featuredmedia":[{"embeddable":true,"href":"https:\/\/troleibus.md\/ro\/wp-json\/wp\/v2\/media\/110"}],"wp:attachment":[{"href":"https:\/\/troleibus.md\/ro\/wp-json\/wp\/v2\/media?parent=113"}],"curies":[{"name":"wp","href":"https:\/\/api.w.org\/{rel}","templated":true}]}}