{"id":164,"date":"2020-05-05T19:53:22","date_gmt":"2020-05-05T16:53:22","guid":{"rendered":"http:\/\/trolleybus.creativemd.beget.tech\/?page_id=164"},"modified":"2020-05-06T19:12:30","modified_gmt":"2020-05-06T16:12:30","slug":"files_needed","status":"publish","type":"page","link":"https:\/\/troleibus.md\/ro\/files_needed\/","title":{"rendered":"(\u0420\u0443\u0441\u0441\u043a\u0438\u0439) \u0422\u0440\u0435\u0431\u043e\u0432\u0430\u043d\u0438\u044f \u043a \u0444\u0430\u0439\u043b\u0430\u043c"},"content":{"rendered":"<p><\/p>\n<h2>\u0422\u0440\u0435\u0431\u043e\u0432\u0430\u043d\u0438\u044f \u043a \u0444\u0430\u0439\u043b\u0430\u043c:<\/h2>\n<div class=\"files_needed_list\">\n<p><img loading=\"lazy\" decoding=\"async\" src=\"http:\/\/trolleybus.creativemd.beget.tech\/wp-content\/uploads\/2020\/05\/files.svg\" alt=\"\" width=\"100\" height=\"100\" \/><\/p>\n<h3>Machete se primesc \u00een formatele: tif, eps, cdr, ai, psd, pdf.; (versiuni nu mai mari de \u0421\u0421 2017)<\/h3>\n<\/div>\n<div class=\"files_needed_list\">\n<p><img loading=\"lazy\" decoding=\"async\" src=\"http:\/\/trolleybus.creativemd.beget.tech\/wp-content\/uploads\/2020\/05\/layers.svg\" alt=\"\" width=\"100\" height=\"100\" \/><\/p>\n<h3>Failurile trebuie s\u0103 fie \u00een  STRATURI!!!<\/h3>\n<\/div>\n<div class=\"files_needed_list\">\n<p><img loading=\"lazy\" decoding=\"async\" src=\"http:\/\/trolleybus.creativemd.beget.tech\/wp-content\/uploads\/2020\/05\/jpg.svg\" alt=\"\" width=\"100\" height=\"100\" \/><\/p>\n<h3>Forma electronic\u0103 a machetei trebuie s\u0103 fie \u00eenso\u021bit\u0103 neap\u0103rat de formatul auxiliar  al machetei -jpeg<\/h3>\n<\/div>\n<div class=\"files_needed_list\">\n<p><img loading=\"lazy\" decoding=\"async\" src=\"http:\/\/trolleybus.creativemd.beget.tech\/wp-content\/uploads\/2020\/05\/drawing.svg\" alt=\"\" width=\"100\" height=\"100\" \/><\/p>\n<h3>M\u0103rimea failurilor originale nu trebie s\u0103 dep\u0103\u0219easc\u0103 &#8211; 200 \u041cb; (arhivarea &#8211; LZV-compression)<\/h3>\n<\/div>\n<div class=\"files_needed_list\">\n<p><img loading=\"lazy\" decoding=\"async\" src=\"http:\/\/trolleybus.creativemd.beget.tech\/wp-content\/uploads\/2020\/05\/font.svg\" alt=\"\" width=\"100\" height=\"100\" \/><\/p>\n<h3>\u0218rifturile trebuie s\u0103 fie transferate \u00een curbe<\/h3>\n<\/div>\n<div class=\"files_needed_list\">\n<p><img loading=\"lazy\" decoding=\"async\" src=\"http:\/\/trolleybus.creativemd.beget.tech\/wp-content\/uploads\/2020\/05\/rgb.svg\" alt=\"\" width=\"100\" height=\"100\" \/><\/p>\n<div>\n<h3>Regimul culorilor CMYK<\/h3>\n<p>\u00cen cazul \u00een care clientur are unele necesit\u0103\u021bi CATEGORICE asupra unei culori anumite din machet\u0103,    Se prezint\u0103 OBLIGATORIU codurile acestei culori \u00een CMYC \u0219i PANTONE.\n<\/p><\/div>\n<\/div>\n<div class=\"files_needed_list\">\n<p><img loading=\"lazy\" decoding=\"async\" src=\"http:\/\/trolleybus.creativemd.beget.tech\/wp-content\/uploads\/2020\/05\/rgb.svg\" alt=\"\" width=\"100\" height=\"100\" \/><\/p>\n<div>\n<h3>Rezolu\u021bia optim\u0103 a failurilor pentru formatele de tipar pot fi:<\/h3>\n<p>&#8211; \u00een cazul tiparului cu calitatea de fotografie cu dimensiunile  (p\u00een\u0103 la 1m)  \u2013 250-300 dpi;<br \/>\n&#8211; \u00een cazul tiparului cu imaginea \u00een formatul dimensiunilor  (1,2\u04451,8m) \u2013 75-150 dpi;<br \/>\n&#8211; \u00een cazul tiparului cu imaginea \u00een formatul dimensiunilor  6\u04453 m \u0219i mai mult \u2013 72-35 dpi;<\/p>\n<\/div>\n<\/div>\n<div class=\"files_needed_list\">\n<p><img loading=\"lazy\" decoding=\"async\" src=\"http:\/\/trolleybus.creativemd.beget.tech\/wp-content\/uploads\/2020\/05\/pdf.svg\" alt=\"\" width=\"100\" height=\"100\" \/><\/p>\n<div>\n<h3>Cerin\u021bele tehnice \u00een PDF<\/h3>\n<p><a href=\"http:\/\/trolleybus.creativemd.beget.tech\/wp-content\/uploads\/2020\/05\/tehnicheskie-trebovaniya-ro.pdf\" target=\"_blank\" rel=\"noopener noreferrer\">Download Cerin\u021bele tehnice pentru machete.<\/a><\/p>\n<\/div>\n<\/div>\n<p><\/p>","protected":false},"excerpt":{"rendered":"<p>\u0422\u0440\u0435\u0431\u043e\u0432\u0430\u043d\u0438\u044f \u043a \u0444\u0430\u0439\u043b\u0430\u043c: Machete se primesc \u00een formatele: tif, eps, cdr, ai, psd, pdf.; (versiuni nu mai mari de \u0421\u0421 2017) Failurile trebuie s\u0103 fie \u00een STRATURI!!! Forma electronic\u0103 a machetei trebuie s\u0103 fie \u00eenso\u021bit\u0103 neap\u0103rat de formatul auxiliar al machetei -jpeg M\u0103rimea failurilor originale nu trebie s\u0103 dep\u0103\u0219easc\u0103 &#8211; 200 \u041cb; (arhivarea &#8211; LZV-compression) [&hellip;]<\/p>\n","protected":false},"author":2,"featured_media":0,"parent":0,"menu_order":4,"comment_status":"closed","ping_status":"closed","template":"templates\/template-files_needed.php","meta":{"inline_featured_image":false,"footnotes":""},"class_list":["post-164","page","type-page","status-publish","hentry"],"_links":{"self":[{"href":"https:\/\/troleibus.md\/ro\/wp-json\/wp\/v2\/pages\/164","targetHints":{"allow":["GET"]}}],"collection":[{"href":"https:\/\/troleibus.md\/ro\/wp-json\/wp\/v2\/pages"}],"about":[{"href":"https:\/\/troleibus.md\/ro\/wp-json\/wp\/v2\/types\/page"}],"author":[{"embeddable":true,"href":"https:\/\/troleibus.md\/ro\/wp-json\/wp\/v2\/users\/2"}],"replies":[{"embeddable":true,"href":"https:\/\/troleibus.md\/ro\/wp-json\/wp\/v2\/comments?post=164"}],"version-history":[{"count":18,"href":"https:\/\/troleibus.md\/ro\/wp-json\/wp\/v2\/pages\/164\/revisions"}],"predecessor-version":[{"id":200,"href":"https:\/\/troleibus.md\/ro\/wp-json\/wp\/v2\/pages\/164\/revisions\/200"}],"wp:attachment":[{"href":"https:\/\/troleibus.md\/ro\/wp-json\/wp\/v2\/media?parent=164"}],"curies":[{"name":"wp","href":"https:\/\/api.w.org\/{rel}","templated":true}]}}